{"id":310,"date":"2018-12-23T22:12:14","date_gmt":"2018-12-23T21:12:14","guid":{"rendered":"http:\/\/jelenadogshows.com\/sr\/?page_id=310"},"modified":"2020-08-12T15:38:15","modified_gmt":"2020-08-12T13:38:15","slug":"o-nama","status":"publish","type":"page","link":"https:\/\/jelenadogshows.com\/sr\/aktuelno\/o-nama\/","title":{"rendered":"O nama"},"content":{"rendered":"<p style=\"text-align: center;\">Dobrodo\u0161li na Veb portal Jelena Dog Shows!<\/p>\n<p><span class=\"null\">Jelena Dog Shows je sli\u010dan grupi <a href=\"https:\/\/www.facebook.com\/groups\/306048282817011\/\">IZLO\u017dBE PASA SVIH RASA-DOG SHOWS<\/a> na Facebooku samo \u0161to je pregledniji i predstavlja kompletnu bazu podataka u vezi sa kinologijom. Ra\u0111en je na srpskom jeziku, a takodje postoji i verzija na engleskom jeziku koja je namenjena inostranom tr\u017ei\u0161tu. Sajt obuhvata slede\u0107e:<\/span><\/p>\n<p>-VESTI: izlo\u017ebe pasa i postavljanje rezultata<\/p>\n<p>-KOMPLETAN KALENDAR KINOLO\u0160KIH MANIFESTACIJA U ZEMLJI I INOSTRANSTVU<\/p>\n<p>\u2013 BESPLATNA REGISTRACIJA FIRMI-USLUGA: kinolo\u0161ka dru\u0161tva, kinolo\u0161ki savezi, klubovi, odgajiva\u010dnice, sudije, hendleri, saloni za \u0161i\u0161anje, hoteli i privatan sme\u0161taj za pse, kozmetika, transport pasa, pet \u0161opovi, hrana za pse, veterninarske stanice, obuka pasa<\/p>\n<p>-OGLA\u0160AVANJE: prodaja pasa i \u0161tenaca, najava legla, najava pasa za parenje, \u0161ampioni, ostalo<\/p>\n<p>Registracija je besplatna za sve firme i usluge (odgajiva\u010dnice, saloni, pet \u0161opovi, sudije, hendleri\u2026itd.). To zna\u010di da mo\u017eete da registrujete besplatno vi\u0161e stvari. Bi\u0107ete u bazi podataka sa ostalim firmama. <span class=\"null\">Mo\u017eete da ogla\u0161avate prodaju pasa i \u0161tenaca, najavu legla, najavu pasa za parenje, \u0161ampione, ostalo IAKO NEMATE REGISTROVANU FIRMU.<\/span><span class=\"text_exposed_show\"><br \/>\nRegistracija, ogla\u0161avanje i svaka druga objava se rade na srpskom i engleskom jeziku za inostrano tr\u017ei\u0161te.<\/span><\/p>\n<p><span class=\"null\">Mo\u017eete nas na\u0107i na slede\u0107im dru\u0161tvenim mre\u017eama:<\/span><\/p>\n<ul>\n<li class=\"first-child\"><span class=\"null\">Facebook Group: <a class=\"profileLink\" href=\"https:\/\/www.facebook.com\/groups\/306048282817011\/\" data-hovercard=\"\/ajax\/hovercard\/group.php?id=306048282817011&amp;extragetparams=%7B%22directed_target_id%22%3A306048282817011%7D\">https:\/\/www.facebook.com\/groups\/306048282817011\/<\/a><\/span><\/li>\n<li><span class=\"null\">Facebook Page: <a href=\"https:\/\/www.facebook.com\/jelenadogshows\/\">https:\/\/www.facebook.com\/jelenadogshows\/<\/a><\/span><\/li>\n<li><span class=\"null\">Twitter: <a href=\"https:\/\/twitter.com\/jelena_DogShows\" target=\"_blank\" rel=\"nofollow noopener noreferrer\">https:\/\/twitter.com\/jelena_DogShows<\/a><\/span><\/li>\n<li><span class=\"null\">Google+:<a href=\"https:\/\/plus.google.com\/110149561600737433081\" target=\"_blank\" rel=\"nofollow noopener noreferrer\">https:\/\/plus.google.com\/110149561600737433081<\/a><\/span><\/li>\n<li><span class=\"null\">Pinterest: <a href=\"https:\/\/www.pinterest.com\/basaric_jelena\/\" target=\"_blank\" rel=\"nofollow noopener noreferrer\">https:\/\/www.pinterest.com\/basaric_jelena\/<\/a><\/span><\/li>\n<li><span class=\"null\">Youtube: <a href=\"https:\/\/www.youtube.com\/channel\/UClw1VpPWVDosA0hoMN3BWGA\" target=\"_blank\" rel=\"nofollow noopener noreferrer\">https:\/\/www.youtube.com\/channel\/UClw1VpPWVDosA0hoMN3BWGA<\/a><\/span><\/li>\n<li class=\"last-child\"><span class=\"null\">Instagram<\/span><\/li>\n<\/ul>\n<p><strong><em>Sve informacije mo\u017eete dobiti na slede\u0107i na\u010din:<\/em><\/strong><\/p>\n<p>Kontakt telefon<em><strong>:<\/strong><\/em>&nbsp;+381(0)69\/342-12-42<\/p>\n<p>u <a href=\"https:\/\/www.facebook.com\/jelakg\">inboxu (na Facebooku)<\/a> i na email:<br \/>\n<a href=\"mailto:basaric_jelena@yahoo.com\">basaric_jelena@yahoo.com<\/a><\/p>\n<p>Pridru\u017eite nam se!<\/p>\n<p>S po\u0161tovanjem,<\/p>\n<p>Jelena Basari\u0107<\/p>\n","protected":false},"excerpt":{"rendered":"<p>Dobrodo\u0161li na Veb portal Jelena Dog Shows! Jelena Dog Shows je sli\u010dan grupi IZLO\u017dBE PASA SVIH RASA-DOG SHOWS na Facebooku samo \u0161to je pregledniji i predstavlja kompletnu bazu podataka u vezi sa kinologijom. Ra\u0111en je na srpskom jeziku, a takodje postoji i verzija na engleskom jeziku koja je namenjena inostranom tr\u017ei\u0161tu. Sajt obuhvata slede\u0107e: -VESTI: [&hellip;]<\/p>\n","protected":false},"author":1,"featured_media":0,"parent":0,"menu_order":0,"comment_status":"open","ping_status":"open","template":"","meta":{"_eb_attr":"","site-sidebar-layout":"default","site-content-layout":"default","ast-site-content-layout":"default","site-content-style":"default","site-sidebar-style":"default","ast-global-header-display":"","ast-banner-title-visibility":"","ast-main-header-display":"","ast-hfb-above-header-display":"","ast-hfb-below-header-display":"","ast-hfb-mobile-header-display":"","site-post-title":"","ast-breadcrumbs-content":"","ast-featured-img":"","footer-sml-layout":"","ast-disable-related-posts":"","theme-transparent-header-meta":"default","adv-header-id-meta":"","stick-header-meta":"","header-above-stick-meta":"","header-main-stick-meta":"","header-below-stick-meta":"","astra-migrate-meta-layouts":"default","ast-page-background-enabled":"default","ast-page-background-meta":{"desktop":{"background-color":"","background-image":"","background-repeat":"repeat","background-position":"center center","background-size":"auto","background-attachment":"scroll","background-type":"","background-media":"","overlay-type":"","overlay-color":"","overlay-opacity":"","overlay-gradient":""},"tablet":{"background-color":"","background-image":"","background-repeat":"repeat","background-position":"center center","background-size":"auto","background-attachment":"scroll","background-type":"","background-media":"","overlay-type":"","overlay-color":"","overlay-opacity":"","overlay-gradient":""},"mobile":{"background-color":"","background-image":"","background-repeat":"repeat","background-position":"center center","background-size":"auto","background-attachment":"scroll","background-type":"","background-media":"","overlay-type":"","overlay-color":"","overlay-opacity":"","overlay-gradient":""}},"ast-content-background-meta":{"desktop":{"background-color":"var(--ast-global-color-5)","background-image":"","background-repeat":"repeat","background-position":"center center","background-size":"auto","background-attachment":"scroll","background-type":"","background-media":"","overlay-type":"","overlay-color":"","overlay-opacity":"","overlay-gradient":""},"tablet":{"background-color":"var(--ast-global-color-5)","background-image":"","background-repeat":"repeat","background-position":"center center","background-size":"auto","background-attachment":"scroll","background-type":"","background-media":"","overlay-type":"","overlay-color":"","overlay-opacity":"","overlay-gradient":""},"mobile":{"background-color":"var(--ast-global-color-5)","background-image":"","background-repeat":"repeat","background-position":"center center","background-size":"auto","background-attachment":"scroll","background-type":"","background-media":"","overlay-type":"","overlay-color":"","overlay-opacity":"","overlay-gradient":""}},"footnotes":""},"class_list":["post-310","page","type-page","status-publish","hentry"],"post_mailing_queue_ids":[],"_links":{"self":[{"href":"https:\/\/jelenadogshows.com\/sr\/aktuelno\/wp-json\/wp\/v2\/pages\/310","targetHints":{"allow":["GET"]}}],"collection":[{"href":"https:\/\/jelenadogshows.com\/sr\/aktuelno\/wp-json\/wp\/v2\/pages"}],"about":[{"href":"https:\/\/jelenadogshows.com\/sr\/aktuelno\/wp-json\/wp\/v2\/types\/page"}],"author":[{"embeddable":true,"href":"https:\/\/jelenadogshows.com\/sr\/aktuelno\/wp-json\/wp\/v2\/users\/1"}],"replies":[{"embeddable":true,"href":"https:\/\/jelenadogshows.com\/sr\/aktuelno\/wp-json\/wp\/v2\/comments?post=310"}],"version-history":[{"count":16,"href":"https:\/\/jelenadogshows.com\/sr\/aktuelno\/wp-json\/wp\/v2\/pages\/310\/revisions"}],"predecessor-version":[{"id":11393,"href":"https:\/\/jelenadogshows.com\/sr\/aktuelno\/wp-json\/wp\/v2\/pages\/310\/revisions\/11393"}],"wp:attachment":[{"href":"https:\/\/jelenadogshows.com\/sr\/aktuelno\/wp-json\/wp\/v2\/media?parent=310"}],"curies":[{"name":"wp","href":"https:\/\/api.w.org\/{rel}","templated":true}]}}