{"id":308,"date":"2015-05-29T11:45:59","date_gmt":"2015-05-29T11:45:59","guid":{"rendered":"http:\/\/jelenadogshows.com\/sr\/?page_id=308"},"modified":"2020-08-12T15:38:55","modified_gmt":"2020-08-12T13:38:55","slug":"uslovi-koriscenja","status":"publish","type":"page","link":"https:\/\/jelenadogshows.com\/sr\/aktuelno\/uslovi-koriscenja\/","title":{"rendered":"Uslovi kori\u0161\u0107enja"},"content":{"rendered":"<p>Kori\u0161\u0107enjem bilo kog dela sajta Jelena Dog Shows smatra se da su korisnici upoznati sa ovim uslovima, kao i da prihvataju kori\u0161\u0107enje sadr\u017eaja ovog sajta isklju\u010divo za li\u010dnu upotrebu i na sopstvenu odgovornost.<\/p>\n<p>Neovla\u0161\u0107eno kori\u0161\u0107enje bilo kog dela sajta, bez dozvole ili potpisa vlasnika autorskih prava, smatra se kr\u0161enjem autorskih prava Jelena Dog Shows i podlo\u017eno je tu\u017ebi.<\/p>\n<p>Sadr\u017eaji na Jelena Dog Shows objavljeni su u dobroj nameri i sa uverenjem da su ta\u010dni i a\u017eurni. U tom smislu Jelena Dog Shows korisnicima ne pru\u017ea nikakve garancije u pogledu ta\u010dnosti i a\u017eurnosti i ne snosi odgovornost ni za kakvu \u0161tetu nastalu kori\u0161\u0107enjem sadr\u017eaja objavljenih na Jelena Dog Shows.<\/p>\n<p><strong>Linkovi ka drugim sajtovima<\/strong><\/p>\n<p>Jelena Dog Shows se sastoji od autorskih sadr\u017eaja, sadr\u017eaja partnera i ogla\u0161iva\u010da, besplatnih sadr\u017eaja i linkova na druge web stranice. Sve sadr\u017eaje Jelena Dog Shows koristite na sopstvenu odgovornost. Jelena Dog Shows ne snosi odgovornost ni za kakvu \u0161tetu nastalu ogla\u0161avanjem na svom portalu.<\/p>\n<p><strong>Autorska prava<\/strong><\/p>\n<p>Ukoliko smatrate da je Jelena Dog Shows povrediio Va\u0161a autorska prava, molimo Vas da nas obavestite o tome na email adresu <a href=\"mailto:basaric_jelena@yahoo.co\">basaric_jelena@yahoo.co<\/a>m i slu\u010daj \u0107e biti odmah razmotren, a sporni sadr\u017eaji biti uklonjeni odmah po eventualnom ustanovljavanju istinitosti sadr\u017eaja \u017ealbe.<\/p>\n<p><strong>Za\u0161tita privatnosti<\/strong><\/p>\n<p>Jelena Dog Shows po\u0161tuje privatnost svojih korisnika i posetioca portala.<\/p>\n<ul>\n<li>Podatke ostavljene prilikom slanja komentara Jelena Dog Shows ne\u0107e davati na uvid tre\u0107em licu.<\/li>\n<\/ul>\n<p><strong>Dostupnost sajta i njegovo kori\u0161\u0107enje<\/strong><\/p>\n<p>Jelena Dog Shows \u0107e se truditi da sadr\u017eaji koje objavljuje budu uvek dostupni, me\u0111utim usled promene servera, mogu\u0107ih problema kod hosting provajdera ili drugih problema i zastoja u radu sajta ne mo\u017eemo garantovati stalni pristup sadr\u017eajima. Jelena Dog Shows ne\u0107e biti odgovoran za eventualne \u0161tete nastale usled nedostupnosti sistema.<\/p>\n<p><strong>Komentari<\/strong><\/p>\n<p>Tekstovi objavljeni u odeljku za komentarisanje predstavljaju stavove autora tekstova i ne mogu se smatrati stavom Jelena Dog Shows.<br \/>\nJelena Dog Shows ne odgovara za stavove iznete u ovoj rubrici.<\/p>\n<p><strong>Izmene uslova kori\u0161\u0107enja<\/strong><\/p>\n<p>Jelena Dog Shows zadr\u017eava pravo izmene ovih uslova kori\u0161\u0107enja u bilo kom trenutku. Jelena Dog Shows ne\u0107e biti odgovoran za mogu\u0107e posledice proiza\u0161le iz takvih promena.<\/p>\n<p>Tako\u0111e, Jelena Dog Shows zadr\u017eava pravo da bez obave\u0161tenja, u bilo koje vreme, uradi slede\u0107e:<\/p>\n<p>1. da izmeni, obustavi ili prekine rad ili pristup sajtu ili bilo kog dela sajta, iz bilo kog razloga;<\/p>\n<p>2. da izmeni ili promeni sajt ili bilo koji deo sajta kao i bilo koju politiku ili uslove kori\u0161\u0107enja sajta;<\/p>\n<p>3. da prekine rad sajta ili bilo kog dela sajta, ukoliko je potrebno izvr\u0161iti rutinsko i nerutinsko odr\u017eavanje, ispravljanje gre\u0161aka ili druge promene.<\/p>\n<p>&nbsp;<\/p>\n","protected":false},"excerpt":{"rendered":"<p>Kori\u0161\u0107enjem bilo kog dela sajta Jelena Dog Shows smatra se da su korisnici upoznati sa ovim uslovima, kao i da prihvataju kori\u0161\u0107enje sadr\u017eaja ovog sajta isklju\u010divo za li\u010dnu upotrebu i na sopstvenu odgovornost. Neovla\u0161\u0107eno kori\u0161\u0107enje bilo kog dela sajta, bez dozvole ili potpisa vlasnika autorskih prava, smatra se kr\u0161enjem autorskih prava Jelena Dog Shows i [&hellip;]<\/p>\n","protected":false},"author":1,"featured_media":0,"parent":0,"menu_order":0,"comment_status":"open","ping_status":"open","template":"","meta":{"_eb_attr":"","site-sidebar-layout":"default","site-content-layout":"default","ast-site-content-layout":"default","site-content-style":"default","site-sidebar-style":"default","ast-global-header-display":"","ast-banner-title-visibility":"","ast-main-header-display":"","ast-hfb-above-header-display":"","ast-hfb-below-header-display":"","ast-hfb-mobile-header-display":"","site-post-title":"","ast-breadcrumbs-content":"","ast-featured-img":"","footer-sml-layout":"","ast-disable-related-posts":"","theme-transparent-header-meta":"default","adv-header-id-meta":"","stick-header-meta":"","header-above-stick-meta":"","header-main-stick-meta":"","header-below-stick-meta":"","astra-migrate-meta-layouts":"default","ast-page-background-enabled":"default","ast-page-background-meta":{"desktop":{"background-color":"","background-image":"","background-repeat":"repeat","background-position":"center center","background-size":"auto","background-attachment":"scroll","background-type":"","background-media":"","overlay-type":"","overlay-color":"","overlay-opacity":"","overlay-gradient":""},"tablet":{"background-color":"","background-image":"","background-repeat":"repeat","background-position":"center center","background-size":"auto","background-attachment":"scroll","background-type":"","background-media":"","overlay-type":"","overlay-color":"","overlay-opacity":"","overlay-gradient":""},"mobile":{"background-color":"","background-image":"","background-repeat":"repeat","background-position":"center center","background-size":"auto","background-attachment":"scroll","background-type":"","background-media":"","overlay-type":"","overlay-color":"","overlay-opacity":"","overlay-gradient":""}},"ast-content-background-meta":{"desktop":{"background-color":"var(--ast-global-color-5)","background-image":"","background-repeat":"repeat","background-position":"center center","background-size":"auto","background-attachment":"scroll","background-type":"","background-media":"","overlay-type":"","overlay-color":"","overlay-opacity":"","overlay-gradient":""},"tablet":{"background-color":"var(--ast-global-color-5)","background-image":"","background-repeat":"repeat","background-position":"center center","background-size":"auto","background-attachment":"scroll","background-type":"","background-media":"","overlay-type":"","overlay-color":"","overlay-opacity":"","overlay-gradient":""},"mobile":{"background-color":"var(--ast-global-color-5)","background-image":"","background-repeat":"repeat","background-position":"center center","background-size":"auto","background-attachment":"scroll","background-type":"","background-media":"","overlay-type":"","overlay-color":"","overlay-opacity":"","overlay-gradient":""}},"footnotes":""},"class_list":["post-308","page","type-page","status-publish","hentry"],"post_mailing_queue_ids":[],"_links":{"self":[{"href":"https:\/\/jelenadogshows.com\/sr\/aktuelno\/wp-json\/wp\/v2\/pages\/308","targetHints":{"allow":["GET"]}}],"collection":[{"href":"https:\/\/jelenadogshows.com\/sr\/aktuelno\/wp-json\/wp\/v2\/pages"}],"about":[{"href":"https:\/\/jelenadogshows.com\/sr\/aktuelno\/wp-json\/wp\/v2\/types\/page"}],"author":[{"embeddable":true,"href":"https:\/\/jelenadogshows.com\/sr\/aktuelno\/wp-json\/wp\/v2\/users\/1"}],"replies":[{"embeddable":true,"href":"https:\/\/jelenadogshows.com\/sr\/aktuelno\/wp-json\/wp\/v2\/comments?post=308"}],"version-history":[{"count":6,"href":"https:\/\/jelenadogshows.com\/sr\/aktuelno\/wp-json\/wp\/v2\/pages\/308\/revisions"}],"predecessor-version":[{"id":4312,"href":"https:\/\/jelenadogshows.com\/sr\/aktuelno\/wp-json\/wp\/v2\/pages\/308\/revisions\/4312"}],"wp:attachment":[{"href":"https:\/\/jelenadogshows.com\/sr\/aktuelno\/wp-json\/wp\/v2\/media?parent=308"}],"curies":[{"name":"wp","href":"https:\/\/api.w.org\/{rel}","templated":true}]}}