{"id":169,"date":"2015-05-23T23:31:31","date_gmt":"2015-05-23T23:31:31","guid":{"rendered":"http:\/\/jelenadogshows.com\/sr\/?page_id=169"},"modified":"2021-03-17T23:09:15","modified_gmt":"2021-03-17T22:09:15","slug":"registracija-usluga","status":"publish","type":"page","link":"https:\/\/jelenadogshows.com\/sr\/aktuelno\/registracije-2\/registracija-usluga\/","title":{"rendered":"Registracija usluga"},"content":{"rendered":"<p>Ovde se mo\u017eete prijaviti za upis u bazu usluga. Popunite formular ispod, a mi \u0107emo vas kontaktirati sa daljim instrukcijama. Ukoliko imate bilo kakvih pitanja kontaktirajte nas. <span style=\"color: #ff0000;\"><strong>Mo\u017eda vam se fotografije ne\u0107e u\u010ditati, ako stranicu otvarate preko Facebook aplikacije. Da biste ispravili ovo, ukucajte <span style=\"color: #800080;\">www.jelenadogshows.com<\/span> preko Google Chrome, Mozilla Firefox ili nekog drugog pregleda\u010da.<\/strong><\/span><\/p>\n\n<div class=\"wpcf7 no-js\" id=\"wpcf7-f10726-o1\" lang=\"en-US\" dir=\"ltr\" data-wpcf7-id=\"10726\">\n<div class=\"screen-reader-response\"><p role=\"status\" aria-live=\"polite\" aria-atomic=\"true\"><\/p> <ul><\/ul><\/div>\n<form action=\"\/sr\/aktuelno\/wp-json\/wp\/v2\/pages\/169#wpcf7-f10726-o1\" method=\"post\" class=\"wpcf7-form init\" aria-label=\"Contact form\" enctype=\"multipart\/form-data\" novalidate=\"novalidate\" data-status=\"init\">\n<fieldset class=\"hidden-fields-container\"><input type=\"hidden\" name=\"_wpcf7\" value=\"10726\" \/><input type=\"hidden\" name=\"_wpcf7_version\" value=\"6.1.5\" \/><input type=\"hidden\" name=\"_wpcf7_locale\" value=\"en_US\" \/><input type=\"hidden\" name=\"_wpcf7_unit_tag\" value=\"wpcf7-f10726-o1\" \/><input type=\"hidden\" name=\"_wpcf7_container_post\" value=\"0\" \/><input type=\"hidden\" name=\"_wpcf7_posted_data_hash\" value=\"\" \/>\n<\/fieldset>\n<p>Vi ste (\u043ebavezno)\n<\/p>\n<p><span class=\"wpcf7-form-control-wrap\" data-name=\"vi_ste\"><select class=\"wpcf7-form-control wpcf7-select wpcf7-validates-as-required\" aria-required=\"true\" aria-invalid=\"false\" name=\"vi_ste\"><option value=\"\">&#8212;Please choose an option&#8212;<\/option><option value=\"Sudija\">Sudija<\/option><option value=\"Hendler\">Hendler<\/option><\/select><\/span>\n<\/p>\n<p>Ime i prezime (obavezno)\n<\/p>\n<p><span class=\"wpcf7-form-control-wrap\" data-name=\"your-name\"><input size=\"40\" maxlength=\"400\" class=\"wpcf7-form-control wpcf7-text wpcf7-validates-as-required\" aria-required=\"true\" aria-invalid=\"false\" value=\"\" type=\"text\" name=\"your-name\" \/><\/span>\n<\/p>\n<p>Rang <span style=\"color: #ff0000;\">*<\/span> Samo za sudije\n<\/p>\n<p><span class=\"wpcf7-form-control-wrap\" data-name=\"rang\"><select class=\"wpcf7-form-control wpcf7-select\" aria-invalid=\"false\" name=\"rang\"><option value=\"\">&#8212;Please choose an option&#8212;<\/option><option value=\"Savezni\">Savezni<\/option><option value=\"Me\u0111unarodni\">Me\u0111unarodni<\/option><\/select><\/span>\n<\/p>\n<p>Licenca <span style=\"color: #ff0000;\">*<\/span> Samo za sudije\n<\/p>\n<p><span class=\"wpcf7-form-control-wrap\" data-name=\"specijalizacije\"><span class=\"wpcf7-form-control wpcf7-checkbox\"><span class=\"wpcf7-list-item first\"><span class=\"wpcf7-list-item-label\">FCI I<\/span><input type=\"checkbox\" name=\"specijalizacije[]\" value=\"FCI I\" \/><\/span><span class=\"wpcf7-list-item\"><span class=\"wpcf7-list-item-label\">FCI II<\/span><input type=\"checkbox\" name=\"specijalizacije[]\" value=\"FCI II\" \/><\/span><span class=\"wpcf7-list-item\"><span class=\"wpcf7-list-item-label\">FCI III<\/span><input type=\"checkbox\" name=\"specijalizacije[]\" value=\"FCI III\" \/><\/span><span class=\"wpcf7-list-item\"><span class=\"wpcf7-list-item-label\">FCI IV<\/span><input type=\"checkbox\" name=\"specijalizacije[]\" value=\"FCI IV\" \/><\/span><span class=\"wpcf7-list-item\"><span class=\"wpcf7-list-item-label\">FCI V<\/span><input type=\"checkbox\" name=\"specijalizacije[]\" value=\"FCI V\" \/><\/span><span class=\"wpcf7-list-item\"><span class=\"wpcf7-list-item-label\">FCI VI<\/span><input type=\"checkbox\" name=\"specijalizacije[]\" value=\"FCI VI\" \/><\/span><span class=\"wpcf7-list-item\"><span class=\"wpcf7-list-item-label\">FCI VII<\/span><input type=\"checkbox\" name=\"specijalizacije[]\" value=\"FCI VII\" \/><\/span><span class=\"wpcf7-list-item\"><span class=\"wpcf7-list-item-label\">FCI VIII<\/span><input type=\"checkbox\" name=\"specijalizacije[]\" value=\"FCI VIII\" \/><\/span><span class=\"wpcf7-list-item\"><span class=\"wpcf7-list-item-label\">FCI IX<\/span><input type=\"checkbox\" name=\"specijalizacije[]\" value=\"FCI IX\" \/><\/span><span class=\"wpcf7-list-item last\"><span class=\"wpcf7-list-item-label\">FCI X<\/span><input type=\"checkbox\" name=\"specijalizacije[]\" value=\"FCI X\" \/><\/span><\/span><\/span>\n<\/p>\n<p>Dr\u017eava (obavezno)\n<\/p>\n<p><span class=\"wpcf7-form-control-wrap\" data-name=\"drzava\"><input size=\"40\" maxlength=\"400\" class=\"wpcf7-form-control wpcf7-text wpcf7-validates-as-required\" aria-required=\"true\" aria-invalid=\"false\" value=\"\" type=\"text\" name=\"drzava\" \/><\/span>\n<\/p>\n<p>Pol (obavezno)\n<\/p>\n<p><span class=\"wpcf7-form-control-wrap\" data-name=\"Pol\"><select class=\"wpcf7-form-control wpcf7-select wpcf7-validates-as-required\" aria-required=\"true\" aria-invalid=\"false\" name=\"Pol\"><option value=\"\">&#8212;Please choose an option&#8212;<\/option><option value=\"Mu\u0161ki\">Mu\u0161ki<\/option><option value=\"\u017denski\">\u017denski<\/option><\/select><\/span>\n<\/p>\n<p>Mesto prebivali\u0161ta (obavezno)\n<\/p>\n<p><span class=\"wpcf7-form-control-wrap\" data-name=\"mesto_prebivalista\"><input size=\"40\" maxlength=\"400\" class=\"wpcf7-form-control wpcf7-text wpcf7-validates-as-required\" aria-required=\"true\" aria-invalid=\"false\" value=\"\" type=\"text\" name=\"mesto_prebivalista\" \/><\/span>\n<\/p>\n<p>Telefon 1\n<\/p>\n<p><span class=\"wpcf7-form-control-wrap\" data-name=\"Telefon1\"><input size=\"40\" maxlength=\"400\" class=\"wpcf7-form-control wpcf7-tel wpcf7-text wpcf7-validates-as-tel\" aria-invalid=\"false\" value=\"\" type=\"tel\" name=\"Telefon1\" \/><\/span>\n<\/p>\n<p>Telefon 2\n<\/p>\n<p><span class=\"wpcf7-form-control-wrap\" data-name=\"Telefon2\"><input size=\"40\" maxlength=\"400\" class=\"wpcf7-form-control wpcf7-tel wpcf7-text wpcf7-validates-as-tel\" aria-invalid=\"false\" value=\"\" type=\"tel\" name=\"Telefon2\" \/><\/span>\n<\/p>\n<p>Va\u0161a e po\u0161ta (obavezno)\n<\/p>\n<p><span class=\"wpcf7-form-control-wrap\" data-name=\"your-email\"><input size=\"40\" maxlength=\"400\" class=\"wpcf7-form-control wpcf7-email wpcf7-validates-as-required wpcf7-text wpcf7-validates-as-email\" aria-required=\"true\" aria-invalid=\"false\" value=\"\" type=\"email\" name=\"your-email\" \/><\/span>\n<\/p>\n<p>Veb sajt\n<\/p>\n<p><span class=\"wpcf7-form-control-wrap\" data-name=\"vebsajt\"><input size=\"40\" maxlength=\"400\" class=\"wpcf7-form-control wpcf7-url wpcf7-text wpcf7-validates-as-url\" aria-invalid=\"false\" value=\"\" type=\"url\" name=\"vebsajt\" \/><\/span>\n<\/p>\n<p>Biografija (Mo\u017eete navesti i specijalizaciju)\n<\/p>\n<p><span class=\"wpcf7-form-control-wrap\" data-name=\"your-message\"><textarea cols=\"40\" rows=\"10\" maxlength=\"2000\" class=\"wpcf7-form-control wpcf7-textarea\" aria-invalid=\"false\" name=\"your-message\"><\/textarea><\/span>\n<\/p>\n<p>Fotografije (obavezno)\n<\/p>\n<p><span class=\"wpcf7-form-control-wrap\" data-name=\"fotografija\"><input size=\"40\" class=\"wpcf7-form-control wpcf7-file wpcf7-validates-as-required\" accept=\".jpg,.jpeg,.gif\" aria-required=\"true\" aria-invalid=\"false\" type=\"file\" name=\"fotografija\" \/><\/span><br \/>\n<span class=\"wpcf7-form-control-wrap\" data-name=\"fotografija1\"><input size=\"40\" class=\"wpcf7-form-control wpcf7-file\" accept=\".jpg,.jpeg,.gif\" aria-invalid=\"false\" type=\"file\" name=\"fotografija1\" \/><\/span><br \/>\n<span class=\"wpcf7-form-control-wrap\" data-name=\"fotografija2\"><input size=\"40\" class=\"wpcf7-form-control wpcf7-file\" accept=\".jpg,.jpeg,.gif\" aria-invalid=\"false\" type=\"file\" name=\"fotografija2\" \/><\/span><br \/>\n<span class=\"wpcf7-form-control-wrap\" data-name=\"fotografija3\"><input size=\"40\" class=\"wpcf7-form-control wpcf7-file\" accept=\".jpg,.jpeg,.gif\" aria-invalid=\"false\" type=\"file\" name=\"fotografija3\" \/><\/span>\n<\/p>\n<p><input class=\"wpcf7-form-control wpcf7-submit has-spinner\" type=\"submit\" value=\"Po\u0161alji\" \/>\n<\/p><p style=\"display: none !important;\" class=\"akismet-fields-container\" data-prefix=\"_wpcf7_ak_\"><label>&#916;<textarea name=\"_wpcf7_ak_hp_textarea\" cols=\"45\" rows=\"8\" maxlength=\"100\"><\/textarea><\/label><input type=\"hidden\" id=\"ak_js_1\" name=\"_wpcf7_ak_js\" value=\"121\"\/><script>document.getElementById( \"ak_js_1\" ).setAttribute( \"value\", ( new Date() ).getTime() );<\/script><\/p><div class=\"wpcf7-response-output\" aria-hidden=\"true\"><\/div>\n<\/form>\n<\/div>\n\n","protected":false},"excerpt":{"rendered":"<p>Ovde se mo\u017eete prijaviti za upis u bazu usluga. Popunite formular ispod, a mi \u0107emo vas kontaktirati sa daljim instrukcijama. Ukoliko imate bilo kakvih pitanja kontaktirajte nas. Mo\u017eda vam se fotografije ne\u0107e u\u010ditati, ako stranicu otvarate preko Facebook aplikacije. Da biste ispravili ovo, ukucajte www.jelenadogshows.com preko Google Chrome, Mozilla Firefox ili nekog drugog pregleda\u010da.<\/p>\n","protected":false},"author":1,"featured_media":0,"parent":160,"menu_order":0,"comment_status":"open","ping_status":"open","template":"","meta":{"_eb_attr":"","site-sidebar-layout":"default","site-content-layout":"","ast-site-content-layout":"default","site-content-style":"default","site-sidebar-style":"default","ast-global-header-display":"","ast-banner-title-visibility":"","ast-main-header-display":"","ast-hfb-above-header-display":"","ast-hfb-below-header-display":"","ast-hfb-mobile-header-display":"","site-post-title":"","ast-breadcrumbs-content":"","ast-featured-img":"","footer-sml-layout":"","ast-disable-related-posts":"","theme-transparent-header-meta":"","adv-header-id-meta":"","stick-header-meta":"","header-above-stick-meta":"","header-main-stick-meta":"","header-below-stick-meta":"","astra-migrate-meta-layouts":"default","ast-page-background-enabled":"default","ast-page-background-meta":{"desktop":{"background-color":"","background-image":"","background-repeat":"repeat","background-position":"center center","background-size":"auto","background-attachment":"scroll","background-type":"","background-media":"","overlay-type":"","overlay-color":"","overlay-opacity":"","overlay-gradient":""},"tablet":{"background-color":"","background-image":"","background-repeat":"repeat","background-position":"center center","background-size":"auto","background-attachment":"scroll","background-type":"","background-media":"","overlay-type":"","overlay-color":"","overlay-opacity":"","overlay-gradient":""},"mobile":{"background-color":"","background-image":"","background-repeat":"repeat","background-position":"center center","background-size":"auto","background-attachment":"scroll","background-type":"","background-media":"","overlay-type":"","overlay-color":"","overlay-opacity":"","overlay-gradient":""}},"ast-content-background-meta":{"desktop":{"background-color":"var(--ast-global-color-5)","background-image":"","background-repeat":"repeat","background-position":"center center","background-size":"auto","background-attachment":"scroll","background-type":"","background-media":"","overlay-type":"","overlay-color":"","overlay-opacity":"","overlay-gradient":""},"tablet":{"background-color":"var(--ast-global-color-5)","background-image":"","background-repeat":"repeat","background-position":"center center","background-size":"auto","background-attachment":"scroll","background-type":"","background-media":"","overlay-type":"","overlay-color":"","overlay-opacity":"","overlay-gradient":""},"mobile":{"background-color":"var(--ast-global-color-5)","background-image":"","background-repeat":"repeat","background-position":"center center","background-size":"auto","background-attachment":"scroll","background-type":"","background-media":"","overlay-type":"","overlay-color":"","overlay-opacity":"","overlay-gradient":""}},"footnotes":""},"class_list":["post-169","page","type-page","status-publish","hentry"],"post_mailing_queue_ids":[],"_links":{"self":[{"href":"https:\/\/jelenadogshows.com\/sr\/aktuelno\/wp-json\/wp\/v2\/pages\/169","targetHints":{"allow":["GET"]}}],"collection":[{"href":"https:\/\/jelenadogshows.com\/sr\/aktuelno\/wp-json\/wp\/v2\/pages"}],"about":[{"href":"https:\/\/jelenadogshows.com\/sr\/aktuelno\/wp-json\/wp\/v2\/types\/page"}],"author":[{"embeddable":true,"href":"https:\/\/jelenadogshows.com\/sr\/aktuelno\/wp-json\/wp\/v2\/users\/1"}],"replies":[{"embeddable":true,"href":"https:\/\/jelenadogshows.com\/sr\/aktuelno\/wp-json\/wp\/v2\/comments?post=169"}],"version-history":[{"count":7,"href":"https:\/\/jelenadogshows.com\/sr\/aktuelno\/wp-json\/wp\/v2\/pages\/169\/revisions"}],"predecessor-version":[{"id":10965,"href":"https:\/\/jelenadogshows.com\/sr\/aktuelno\/wp-json\/wp\/v2\/pages\/169\/revisions\/10965"}],"up":[{"embeddable":true,"href":"https:\/\/jelenadogshows.com\/sr\/aktuelno\/wp-json\/wp\/v2\/pages\/160"}],"wp:attachment":[{"href":"https:\/\/jelenadogshows.com\/sr\/aktuelno\/wp-json\/wp\/v2\/media?parent=169"}],"curies":[{"name":"wp","href":"https:\/\/api.w.org\/{rel}","templated":true}]}}