{"id":160,"date":"2015-05-23T22:39:23","date_gmt":"2015-05-23T22:39:23","guid":{"rendered":"http:\/\/jelenadogshows.com\/sr\/?page_id=160"},"modified":"2020-08-12T15:38:36","modified_gmt":"2020-08-12T13:38:36","slug":"registracije-2","status":"publish","type":"page","link":"https:\/\/jelenadogshows.com\/sr\/aktuelno\/registracije-2\/","title":{"rendered":"Registracije"},"content":{"rendered":"<p>Unapredite svoje poslovanje. Upi\u0161ite se u bazu usluga ili firmi na jelenadogshows.com.<\/p>\n<p><strong>Registracija firmi obuhvata kategorije<\/strong><\/p>\n<ul>\n<li>Kinolo\u0161ka dru\u0161tva<\/li>\n<li>Kinolo\u0161ki savezi<\/li>\n<li>Klubovi<\/li>\n<li>Odgajiva\u010dnice<\/li>\n<li>Hoteli za pse\/privatni sme\u0161taj<\/li>\n<li>Pet \u0161opovi<\/li>\n<li>Transport pasa<\/li>\n<li>Vetrinarske stanice<\/li>\n<li>Saloni za \u0161i\u0161anje<\/li>\n<li>Obuka pasa<\/li>\n<li>Kozmetika<\/li>\n<li>Hrana za pse<\/li>\n<li>Ostalo<\/li>\n<\/ul>\n<a class=\"maxbutton-1 maxbutton maxbutton-registracija-firme\" href=\"http:\/\/jelenadogshows.com\/sr\/?p=75\"><span class='mb-text'>Registruj firmu<\/span><\/a>\n<p><strong>Registracija usluga obuhvata kategorije<\/strong><\/p>\n<ul>\n<li>Kinolo\u0161ke sudije<\/li>\n<li>Hendleri<\/li>\n<\/ul>\n<a class=\"maxbutton-2 maxbutton maxbutton-registracija-usluge\" href=\"http:\/\/jelenadogshows.com\/sr\/?p=169\"><span class='mb-text'>Registruj uslugu<\/span><\/a>\n","protected":false},"excerpt":{"rendered":"<p>Unapredite svoje poslovanje. Upi\u0161ite se u bazu usluga ili firmi na jelenadogshows.com. Registracija firmi obuhvata kategorije Kinolo\u0161ka dru\u0161tva Kinolo\u0161ki savezi Klubovi Odgajiva\u010dnice Hoteli za pse\/privatni sme\u0161taj Pet \u0161opovi Transport pasa Vetrinarske stanice Saloni za \u0161i\u0161anje Obuka pasa Kozmetika Hrana za pse Ostalo Registracija usluga obuhvata kategorije Kinolo\u0161ke sudije Hendleri<\/p>\n","protected":false},"author":1,"featured_media":0,"parent":0,"menu_order":0,"comment_status":"open","ping_status":"open","template":"","meta":{"_eb_attr":"","site-sidebar-layout":"default","site-content-layout":"default","ast-site-content-layout":"default","site-content-style":"default","site-sidebar-style":"default","ast-global-header-display":"","ast-banner-title-visibility":"","ast-main-header-display":"","ast-hfb-above-header-display":"","ast-hfb-below-header-display":"","ast-hfb-mobile-header-display":"","site-post-title":"","ast-breadcrumbs-content":"","ast-featured-img":"","footer-sml-layout":"","ast-disable-related-posts":"","theme-transparent-header-meta":"default","adv-header-id-meta":"","stick-header-meta":"","header-above-stick-meta":"","header-main-stick-meta":"","header-below-stick-meta":"","astra-migrate-meta-layouts":"default","ast-page-background-enabled":"default","ast-page-background-meta":{"desktop":{"background-color":"","background-image":"","background-repeat":"repeat","background-position":"center center","background-size":"auto","background-attachment":"scroll","background-type":"","background-media":"","overlay-type":"","overlay-color":"","overlay-opacity":"","overlay-gradient":""},"tablet":{"background-color":"","background-image":"","background-repeat":"repeat","background-position":"center center","background-size":"auto","background-attachment":"scroll","background-type":"","background-media":"","overlay-type":"","overlay-color":"","overlay-opacity":"","overlay-gradient":""},"mobile":{"background-color":"","background-image":"","background-repeat":"repeat","background-position":"center center","background-size":"auto","background-attachment":"scroll","background-type":"","background-media":"","overlay-type":"","overlay-color":"","overlay-opacity":"","overlay-gradient":""}},"ast-content-background-meta":{"desktop":{"background-color":"var(--ast-global-color-5)","background-image":"","background-repeat":"repeat","background-position":"center center","background-size":"auto","background-attachment":"scroll","background-type":"","background-media":"","overlay-type":"","overlay-color":"","overlay-opacity":"","overlay-gradient":""},"tablet":{"background-color":"var(--ast-global-color-5)","background-image":"","background-repeat":"repeat","background-position":"center center","background-size":"auto","background-attachment":"scroll","background-type":"","background-media":"","overlay-type":"","overlay-color":"","overlay-opacity":"","overlay-gradient":""},"mobile":{"background-color":"var(--ast-global-color-5)","background-image":"","background-repeat":"repeat","background-position":"center center","background-size":"auto","background-attachment":"scroll","background-type":"","background-media":"","overlay-type":"","overlay-color":"","overlay-opacity":"","overlay-gradient":""}},"footnotes":""},"class_list":["post-160","page","type-page","status-publish","hentry"],"post_mailing_queue_ids":[],"_links":{"self":[{"href":"https:\/\/jelenadogshows.com\/sr\/aktuelno\/wp-json\/wp\/v2\/pages\/160","targetHints":{"allow":["GET"]}}],"collection":[{"href":"https:\/\/jelenadogshows.com\/sr\/aktuelno\/wp-json\/wp\/v2\/pages"}],"about":[{"href":"https:\/\/jelenadogshows.com\/sr\/aktuelno\/wp-json\/wp\/v2\/types\/page"}],"author":[{"embeddable":true,"href":"https:\/\/jelenadogshows.com\/sr\/aktuelno\/wp-json\/wp\/v2\/users\/1"}],"replies":[{"embeddable":true,"href":"https:\/\/jelenadogshows.com\/sr\/aktuelno\/wp-json\/wp\/v2\/comments?post=160"}],"version-history":[{"count":14,"href":"https:\/\/jelenadogshows.com\/sr\/aktuelno\/wp-json\/wp\/v2\/pages\/160\/revisions"}],"predecessor-version":[{"id":11391,"href":"https:\/\/jelenadogshows.com\/sr\/aktuelno\/wp-json\/wp\/v2\/pages\/160\/revisions\/11391"}],"wp:attachment":[{"href":"https:\/\/jelenadogshows.com\/sr\/aktuelno\/wp-json\/wp\/v2\/media?parent=160"}],"curies":[{"name":"wp","href":"https:\/\/api.w.org\/{rel}","templated":true}]}}